{"id":2971,"date":"2025-09-18T09:29:43","date_gmt":"2025-09-18T09:29:43","guid":{"rendered":"https:\/\/asesoriadiz.com\/?page_id=2971"},"modified":"2025-09-18T09:32:08","modified_gmt":"2025-09-18T09:32:08","slug":"politica-de-privacidade-2","status":"publish","type":"page","link":"https:\/\/asesoriadiz.com\/gl\/politica-de-privacidade-2\/","title":{"rendered":"Pol\u00edtica de Privacidade"},"content":{"rendered":"\t\t<div data-elementor-type=\"wp-page\" data-elementor-id=\"2971\" class=\"elementor elementor-2971\">\n\t\t\t\t<div class=\"elementor-element elementor-element-67e5c6cc e-flex e-con-boxed e-con e-parent\" data-id=\"67e5c6cc\" data-element_type=\"container\">\n\t\t\t\t\t<div class=\"e-con-inner\">\n\t\t\t\t<div class=\"elementor-element elementor-element-42fe5898 elementor-widget elementor-widget-text-editor\" data-id=\"42fe5898\" data-element_type=\"widget\" data-widget_type=\"text-editor.default\">\n\t\t\t\t<div class=\"elementor-widget-container\">\n\t\t\t\t\t\t\t\t\t<p>Recomendamos que lea atentamente esta declaraci\u00f3n de privacidade antes de utilizar o noso sitio web. A continuaci\u00f3n detallamos como xestionamos os teus datos persoais. O uso deste sitio web e a subministraci\u00f3n dos seus datos sup\u00f3n a aceptaci\u00f3n da nosa pol\u00edtica de privacidade. Se non est\u00e1 de acordo, ped\u00edmoslle que non use este sitio.<\/p>\n<p><strong>Informaci\u00f3n da empresa:<\/strong><\/p>\n<ul>\n<li>Diz Consultor\u00eda<\/li>\n<li>Enderezo: <span class=\"direccion\">Avda. de Valdriz, 19 Baixo &#8211; POBRA DE SAN XULIAN &#8211; 27360 &#8211; <span class=\"font-weight-bold\">L\u00e1ncara<\/span> (Lugo)<\/span> <\/li>\n<li>Correo electr\u00f3nico: oficina@asesoriadiz.es<\/li>\n<li>Tel\u00e9fono: 982543313<\/li>\n<\/ul>\n<p><strong>Recollida de datos persoais:<\/strong> pode navegar polo noso sitio sen proporcionar datos persoais, pero certos rexistros, consultas ou formularios de pedido requiren a recollida desta informaci\u00f3n. Compromet\u00e9monos a recoller s\u00f3 a informaci\u00f3n necesaria para procesar pedidos, responder a consultas e publicar anuncios.<\/p>\n<p><strong>Finalidades do tratamento de datos persoais:<\/strong><\/p>\n<ol>\n<li><strong>Rexistro e xesti\u00f3n de usuarios:<\/strong> utilizamos os datos de rexistro para xestionar os usuarios do sitio web, garantindo a autenticidade da informaci\u00f3n proporcionada.<\/li>\n<li><strong>Xesti\u00f3n de pedidos:<\/strong> os datos de compra util\u00edzanse para procesar, enviar e facturar produtos, e s\u00f3 se comparten con terceiros necesarios para estes fins.<\/li>\n<li><strong>Env\u00edo de informaci\u00f3n:<\/strong> a informaci\u00f3n introducida util\u00edzase para enviar noticias, promoci\u00f3ns e ofertas, por correo postal e\/ou correo electr\u00f3nico.<\/li>\n<li><strong>Resposta a consultas:<\/strong> os datos de consulta \u00fasanse para responder a preguntas e consultas.<\/li>\n<\/ol>\n<p><strong>Seguridade de datos:<\/strong> utilizamos tecnolox\u00edas seguras, a\u00ednda que ningunha \u00e9 invulnerable. Recomendamos contrasinais seguros e cambialos regularmente.<\/p>\n<p><strong>Dereitos de Usuario:<\/strong> Podes exercer os teus dereitos de acceso, rectificaci\u00f3n, cancelaci\u00f3n e oposici\u00f3n enviando a t\u00faa solicitude a office@asesoriadiz.com. Tam\u00e9n pode solicitar a eliminaci\u00f3n da s\u00faa conta de usuario.<\/p>\n<p>Para preguntas adicionais sobre os seus dereitos, visite a p\u00e1xina web da Axencia Espa\u00f1ola de Protecci\u00f3n de Datos ( <a href=\"http:\/\/www.agpd.es\" target=\"_blank\" rel=\"noopener\">www.agpd.es<\/a> ).<\/p>\n<p><\/p>\t\t\t\t\t\t\t\t<\/div>\n\t\t\t\t<\/div>\n\t\t\t\t\t<\/div>\n\t\t\t\t<\/div>\n\t\t\t\t<\/div>\n\t\t","protected":false},"excerpt":{"rendered":"<p>Recomendamos que lea atentamente esta declaraci\u00f3n de privacidade antes de utilizar o noso sitio web. A continuaci\u00f3n detallamos como xestionamos os teus datos persoais. O uso deste sitio web e a subministraci\u00f3n dos seus datos sup\u00f3n a aceptaci\u00f3n da nosa pol\u00edtica de privacidade. Se non est\u00e1 de acordo, ped\u00edmoslle que non use este sitio. Informaci\u00f3n &hellip;<\/p>\n<p class=\"read-more\"> <a class=\"\" href=\"https:\/\/asesoriadiz.com\/gl\/politica-de-privacidade-2\/\"> <span class=\"screen-reader-text\">Pol\u00edtica de Privacidade<\/span> Read More \u00bb<\/a><\/p>\n","protected":false},"author":1,"featured_media":0,"parent":0,"menu_order":0,"comment_status":"closed","ping_status":"closed","template":"","meta":{"site-sidebar-layout":"default","site-content-layout":"","ast-site-content-layout":"default","site-content-style":"default","site-sidebar-style":"default","ast-global-header-display":"","ast-banner-title-visibility":"","ast-main-header-display":"","ast-hfb-above-header-display":"","ast-hfb-below-header-display":"","ast-hfb-mobile-header-display":"","site-post-title":"","ast-breadcrumbs-content":"","ast-featured-img":"","footer-sml-layout":"","theme-transparent-header-meta":"","adv-header-id-meta":"","stick-header-meta":"","header-above-stick-meta":"","header-main-stick-meta":"","header-below-stick-meta":"","astra-migrate-meta-layouts":"default","ast-page-background-enabled":"default","ast-page-background-meta":{"desktop":{"background-color":"","background-image":"","background-repeat":"repeat","background-position":"center center","background-size":"auto","background-attachment":"scroll","background-type":"","background-media":"","overlay-type":"","overlay-color":"","overlay-gradient":""},"tablet":{"background-color":"","background-image":"","background-repeat":"repeat","background-position":"center center","background-size":"auto","background-attachment":"scroll","background-type":"","background-media":"","overlay-type":"","overlay-color":"","overlay-gradient":""},"mobile":{"background-color":"","background-image":"","background-repeat":"repeat","background-position":"center center","background-size":"auto","background-attachment":"scroll","background-type":"","background-media":"","overlay-type":"","overlay-color":"","overlay-gradient":""}},"ast-content-background-meta":{"desktop":{"background-color":"var(--ast-global-color-5)","background-image":"","background-repeat":"repeat","background-position":"center center","background-size":"auto","background-attachment":"scroll","background-type":"","background-media":"","overlay-type":"","overlay-color":"","overlay-gradient":""},"tablet":{"background-color":"var(--ast-global-color-5)","background-image":"","background-repeat":"repeat","background-position":"center center","background-size":"auto","background-attachment":"scroll","background-type":"","background-media":"","overlay-type":"","overlay-color":"","overlay-gradient":""},"mobile":{"background-color":"var(--ast-global-color-5)","background-image":"","background-repeat":"repeat","background-position":"center center","background-size":"auto","background-attachment":"scroll","background-type":"","background-media":"","overlay-type":"","overlay-color":"","overlay-gradient":""}},"footnotes":""},"class_list":["post-2971","page","type-page","status-publish","hentry"],"yoast_head":"<!-- This site is optimized with the Yoast SEO plugin v25.9 - https:\/\/yoast.com\/wordpress\/plugins\/seo\/ -->\n<title>Pol\u00edtica de Privacidade - Asesor\u00eda Diz<\/title>\n<meta name=\"robots\" content=\"index, follow, max-snippet:-1, max-image-preview:large, max-video-preview:-1\" \/>\n<link rel=\"canonical\" href=\"https:\/\/asesoriadiz.com\/aviso-legal\/\" \/>\n<meta property=\"og:locale\" content=\"gl_ES\" \/>\n<meta property=\"og:type\" content=\"article\" \/>\n<meta property=\"og:title\" content=\"Pol\u00edtica de Privacidade - Asesor\u00eda Diz\" \/>\n<meta property=\"og:description\" content=\"Recomendamos que lea atentamente esta declaraci\u00f3n de privacidade antes de utilizar o noso sitio web. A continuaci\u00f3n detallamos como xestionamos os teus datos persoais. O uso deste sitio web e a subministraci\u00f3n dos seus datos sup\u00f3n a aceptaci\u00f3n da nosa pol\u00edtica de privacidade. Se non est\u00e1 de acordo, ped\u00edmoslle que non use este sitio. Informaci\u00f3n &hellip; Pol\u00edtica de Privacidade Read More \u00bb\" \/>\n<meta property=\"og:url\" content=\"https:\/\/asesoriadiz.com\/aviso-legal\/\" \/>\n<meta property=\"og:site_name\" content=\"Asesor\u00eda Diz\" \/>\n<meta property=\"article:modified_time\" content=\"2025-09-18T09:32:08+00:00\" \/>\n<meta name=\"twitter:card\" content=\"summary_large_image\" \/>\n<meta name=\"twitter:label1\" content=\"Tempo de lectura\" \/>\n\t<meta name=\"twitter:data1\" content=\"2 minutos\" \/>\n<script type=\"application\/ld+json\" class=\"yoast-schema-graph\">{\"@context\":\"https:\/\/schema.org\",\"@graph\":[{\"@type\":\"WebPage\",\"@id\":\"https:\/\/asesoriadiz.com\/aviso-legal\/\",\"url\":\"https:\/\/asesoriadiz.com\/aviso-legal\/\",\"name\":\"Pol\u00edtica de Privacidade - Asesor\u00eda Diz\",\"isPartOf\":{\"@id\":\"https:\/\/asesoriadiz.com\/#website\"},\"datePublished\":\"2025-09-18T09:29:43+00:00\",\"dateModified\":\"2025-09-18T09:32:08+00:00\",\"breadcrumb\":{\"@id\":\"https:\/\/asesoriadiz.com\/aviso-legal\/#breadcrumb\"},\"inLanguage\":\"gl-ES\",\"potentialAction\":[{\"@type\":\"ReadAction\",\"target\":[\"https:\/\/asesoriadiz.com\/aviso-legal\/\"]}]},{\"@type\":\"BreadcrumbList\",\"@id\":\"https:\/\/asesoriadiz.com\/aviso-legal\/#breadcrumb\",\"itemListElement\":[{\"@type\":\"ListItem\",\"position\":1,\"name\":\"Portada\",\"item\":\"https:\/\/asesoriadiz.com\/gl\/\"},{\"@type\":\"ListItem\",\"position\":2,\"name\":\"Pol\u00edtica de Privacidade\"}]},{\"@type\":\"WebSite\",\"@id\":\"https:\/\/asesoriadiz.com\/#website\",\"url\":\"https:\/\/asesoriadiz.com\/\",\"name\":\"Asesor\u00eda Diz\",\"description\":\"Asesor\u00eda integral con amplia experiencia en asesoramiento fiscal, laboral, contable, mercantil, financiero y gesti\u00f3n de seguros.\",\"publisher\":{\"@id\":\"https:\/\/asesoriadiz.com\/#organization\"},\"potentialAction\":[{\"@type\":\"SearchAction\",\"target\":{\"@type\":\"EntryPoint\",\"urlTemplate\":\"https:\/\/asesoriadiz.com\/?s={search_term_string}\"},\"query-input\":{\"@type\":\"PropertyValueSpecification\",\"valueRequired\":true,\"valueName\":\"search_term_string\"}}],\"inLanguage\":\"gl-ES\"},{\"@type\":\"Organization\",\"@id\":\"https:\/\/asesoriadiz.com\/#organization\",\"name\":\"Asesor\u00eda Diz\",\"url\":\"https:\/\/asesoriadiz.com\/\",\"logo\":{\"@type\":\"ImageObject\",\"inLanguage\":\"gl-ES\",\"@id\":\"https:\/\/asesoriadiz.com\/#\/schema\/logo\/image\/\",\"url\":\"https:\/\/asesoriadiz.com\/wp-content\/uploads\/2023\/12\/cropped-cropped-Diz-logo-color-2.png\",\"contentUrl\":\"https:\/\/asesoriadiz.com\/wp-content\/uploads\/2023\/12\/cropped-cropped-Diz-logo-color-2.png\",\"width\":512,\"height\":512,\"caption\":\"Asesor\u00eda Diz\"},\"image\":{\"@id\":\"https:\/\/asesoriadiz.com\/#\/schema\/logo\/image\/\"}}]}<\/script>\n<!-- \/ Yoast SEO plugin. -->","yoast_head_json":{"title":"Pol\u00edtica de Privacidade - Asesor\u00eda Diz","robots":{"index":"index","follow":"follow","max-snippet":"max-snippet:-1","max-image-preview":"max-image-preview:large","max-video-preview":"max-video-preview:-1"},"canonical":"https:\/\/asesoriadiz.com\/aviso-legal\/","og_locale":"gl_ES","og_type":"article","og_title":"Pol\u00edtica de Privacidade - Asesor\u00eda Diz","og_description":"Recomendamos que lea atentamente esta declaraci\u00f3n de privacidade antes de utilizar o noso sitio web. A continuaci\u00f3n detallamos como xestionamos os teus datos persoais. O uso deste sitio web e a subministraci\u00f3n dos seus datos sup\u00f3n a aceptaci\u00f3n da nosa pol\u00edtica de privacidade. Se non est\u00e1 de acordo, ped\u00edmoslle que non use este sitio. Informaci\u00f3n &hellip; Pol\u00edtica de Privacidade Read More \u00bb","og_url":"https:\/\/asesoriadiz.com\/aviso-legal\/","og_site_name":"Asesor\u00eda Diz","article_modified_time":"2025-09-18T09:32:08+00:00","twitter_card":"summary_large_image","twitter_misc":{"Tempo de lectura":"2 minutos"},"schema":{"@context":"https:\/\/schema.org","@graph":[{"@type":"WebPage","@id":"https:\/\/asesoriadiz.com\/aviso-legal\/","url":"https:\/\/asesoriadiz.com\/aviso-legal\/","name":"Pol\u00edtica de Privacidade - Asesor\u00eda Diz","isPartOf":{"@id":"https:\/\/asesoriadiz.com\/#website"},"datePublished":"2025-09-18T09:29:43+00:00","dateModified":"2025-09-18T09:32:08+00:00","breadcrumb":{"@id":"https:\/\/asesoriadiz.com\/aviso-legal\/#breadcrumb"},"inLanguage":"gl-ES","potentialAction":[{"@type":"ReadAction","target":["https:\/\/asesoriadiz.com\/aviso-legal\/"]}]},{"@type":"BreadcrumbList","@id":"https:\/\/asesoriadiz.com\/aviso-legal\/#breadcrumb","itemListElement":[{"@type":"ListItem","position":1,"name":"Portada","item":"https:\/\/asesoriadiz.com\/gl\/"},{"@type":"ListItem","position":2,"name":"Pol\u00edtica de Privacidade"}]},{"@type":"WebSite","@id":"https:\/\/asesoriadiz.com\/#website","url":"https:\/\/asesoriadiz.com\/","name":"Asesor\u00eda Diz","description":"Asesor\u00eda integral con amplia experiencia en asesoramiento fiscal, laboral, contable, mercantil, financiero y gesti\u00f3n de seguros.","publisher":{"@id":"https:\/\/asesoriadiz.com\/#organization"},"potentialAction":[{"@type":"SearchAction","target":{"@type":"EntryPoint","urlTemplate":"https:\/\/asesoriadiz.com\/?s={search_term_string}"},"query-input":{"@type":"PropertyValueSpecification","valueRequired":true,"valueName":"search_term_string"}}],"inLanguage":"gl-ES"},{"@type":"Organization","@id":"https:\/\/asesoriadiz.com\/#organization","name":"Asesor\u00eda Diz","url":"https:\/\/asesoriadiz.com\/","logo":{"@type":"ImageObject","inLanguage":"gl-ES","@id":"https:\/\/asesoriadiz.com\/#\/schema\/logo\/image\/","url":"https:\/\/asesoriadiz.com\/wp-content\/uploads\/2023\/12\/cropped-cropped-Diz-logo-color-2.png","contentUrl":"https:\/\/asesoriadiz.com\/wp-content\/uploads\/2023\/12\/cropped-cropped-Diz-logo-color-2.png","width":512,"height":512,"caption":"Asesor\u00eda Diz"},"image":{"@id":"https:\/\/asesoriadiz.com\/#\/schema\/logo\/image\/"}}]}},"_links":{"self":[{"href":"https:\/\/asesoriadiz.com\/gl\/wp-json\/wp\/v2\/pages\/2971","targetHints":{"allow":["GET"]}}],"collection":[{"href":"https:\/\/asesoriadiz.com\/gl\/wp-json\/wp\/v2\/pages"}],"about":[{"href":"https:\/\/asesoriadiz.com\/gl\/wp-json\/wp\/v2\/types\/page"}],"author":[{"embeddable":true,"href":"https:\/\/asesoriadiz.com\/gl\/wp-json\/wp\/v2\/users\/1"}],"replies":[{"embeddable":true,"href":"https:\/\/asesoriadiz.com\/gl\/wp-json\/wp\/v2\/comments?post=2971"}],"version-history":[{"count":1,"href":"https:\/\/asesoriadiz.com\/gl\/wp-json\/wp\/v2\/pages\/2971\/revisions"}],"predecessor-version":[{"id":2973,"href":"https:\/\/asesoriadiz.com\/gl\/wp-json\/wp\/v2\/pages\/2971\/revisions\/2973"}],"wp:attachment":[{"href":"https:\/\/asesoriadiz.com\/gl\/wp-json\/wp\/v2\/media?parent=2971"}],"curies":[{"name":"wp","href":"https:\/\/api.w.org\/{rel}","templated":true}]}}